{"id":167,"date":"2022-05-19T16:14:00","date_gmt":"2022-05-19T16:14:00","guid":{"rendered":"https:\/\/balota-klischan.com\/?page_id=167"},"modified":"2024-12-12T18:38:28","modified_gmt":"2024-12-12T17:38:28","slug":"legal-notice","status":"publish","type":"page","link":"https:\/\/balota-klischan.com\/de\/legal-notice\/","title":{"rendered":"Impressum"},"content":{"rendered":"<p>Balota &amp; Klischan Abogadas, SLP.<br \/>\nC\/ Vicente Cuervo, 16-4\u00baA<br \/>\n07800 Ibiza<br \/>\nEspa\u00f1a<br \/>\nCIF: B-75582189<br \/>\nTelefon: +34 971 193 103<br \/>\nFax:+34 971 317 313<br \/>\nMobil:+34 608 90 61 38<\/p>\n<p>Berufshaftpflichtversicherung mit weltweitem Schutz:<br \/>\nHDI-Gerling Firmen und Privat Versicherung AG<br \/>\nRiethorst, 30659 Hannover<\/p>\n<p>Berufshaftpflichtversicherung in Spanien:<br \/>\nAdartia<br \/>\nPlaza de la Independencia n\u00ba 2-5\u00ba<br \/>\n28001 Madrid<\/p>\n<p>Die Inhalte dieser Webseite stellen lediglich eine generelle Information und in keinem Fall eine rechtliche oder fachliche Beratung dar. Denise Klischan \u00fcbernimmt in keiner Weise Verantwortung f\u00fcr m\u00f6glicherweise im Zusammenhang mit der Nutzung der Inhalte der Seite auftretende Nachteile oder Sch\u00e4den.<\/p>\n<p>Denise Klischan \u00fcbernimmt ebenso wenig Verantwortung f\u00fcr die Inhalte anderer Webseiten, welche durch Links oder auf andere Art und Weise mit dieser Webseite verbunden sind. Die Einbeziehung von Links zu anderen Webseiten auf dieser Seite bedeutet weder eine Genehmigung noch ein Einverst\u00e4ndnis mit den Inhalten dieser Webseiten, noch das Bestehen irgendeiner anderen Verbindung zwischen Denise Klischan und den Inhabern dieser Webseiten.<\/p>\n<p>Die Kopie, Vervielf\u00e4ltigung, Wiedergabe, \u00dcbertragung, der Vertrieb oder die Ver\u00f6ffentlichung der Inhalte dieser Webseite sind ohne die vorherige ausdr\u00fcckliche Zustimmung von Denise Klischan untersagt. Die Wiedergabe und zeitliche vor\u00fcbergehende Speicherung der Inhalte dieser Webseite sind insofern gestattet, wie dies f\u00fcr die Nutzung und Kenntlichmachung der Webseite von einem Personalcomputer aus erforderlich ist.<br \/>\nZusatzangaben nach \u00a7 6 TDG:<br \/>\nDenise Klischan ist in Spanien zugelassene Rechtsanw\u00e4ltin und geh\u00f6rt der <a href=\"https:\/\/www.icaib.org\/\" target=\"_blank\" rel=\"noopener\">Rechtsanwaltskammer der Balearen<\/a> an.<br \/>\nDenise Klischan ist in Deutschland zugelassene Rechtsanw\u00e4ltin und geh\u00f6rt der Rechtsanwaltskammer D\u00fcsseldorf (<a href=\"https:\/\/www.rechtsanwaltskammer-duesseldorf.de\/\" target=\"_blank\" rel=\"noopener\">www.rechtsanwaltskammer-duesseldorf.de<\/a>) an.<br \/>\nBerufsrechtliche Regelungen sind<br \/>\nBRAO &#8211; Bundesrechtsanwaltsordnung<br \/>\nBORA &#8211; Berufsordnung f\u00fcr Rechtsanw\u00e4lte<br \/>\nFachanwaltsordnung<br \/>\nRVG &#8211; Gesetz \u00fcber die Verg\u00fctung der Rechtsanw\u00e4ltinnen und Rechtsanw\u00e4lte<br \/>\nBerufsregeln der Rechtsanw\u00e4lte der Europ\u00e4ischen Gemeinschaft (CCBE)<br \/>\nGesetz \u00fcber die T\u00e4tigkeit europ\u00e4ischer Rechtsanw\u00e4lte in Deutschland (Eu-RAG) v. 9. 3. 2000 (BGBl. I S. 182)<br \/>\nLaw Implementing the Directives of the European Community pertaining to the professional law regulating the legal profession<br \/>\nDen Volltext der berufsrechtlichen Regelungen finden Sie auf der Hompage der <a href=\"https:\/\/www.brak.de\/seiten\/01.php\" target=\"_blank\" rel=\"noopener\">Bundesrechtsanwaltskammer<\/a>.<\/p>","protected":false},"excerpt":{"rendered":"<p>Balota &amp; Klischan Abogadas, SLP. C\/ Vicente Cuervo, 16-4\u00baA 07800 Ibiza Espa\u00f1a CIF: B-75582189 Telefon: +34 971 193 103 Fax:+34 971 317 313 Mobil:+34 608 90 61 38 Berufshaftpflichtversicherung mit weltweitem Schutz: HDI-Gerling Firmen und Privat Versicherung AG Riethorst, 30659 Hannover Berufshaftpflichtversicherung in Spanien: Adartia Plaza de la Independencia n\u00ba 2-5\u00ba 28001 Madrid Die Inhalte [&hellip;]<\/p>\n","protected":false},"author":2,"featured_media":0,"parent":0,"menu_order":0,"comment_status":"closed","ping_status":"closed","template":"","meta":{"_acf_changed":false,"footnotes":""},"class_list":["post-167","page","type-page","status-publish","hentry"],"acf":[],"_links":{"self":[{"href":"https:\/\/balota-klischan.com\/de\/wp-json\/wp\/v2\/pages\/167","targetHints":{"allow":["GET"]}}],"collection":[{"href":"https:\/\/balota-klischan.com\/de\/wp-json\/wp\/v2\/pages"}],"about":[{"href":"https:\/\/balota-klischan.com\/de\/wp-json\/wp\/v2\/types\/page"}],"author":[{"embeddable":true,"href":"https:\/\/balota-klischan.com\/de\/wp-json\/wp\/v2\/users\/2"}],"replies":[{"embeddable":true,"href":"https:\/\/balota-klischan.com\/de\/wp-json\/wp\/v2\/comments?post=167"}],"version-history":[{"count":9,"href":"https:\/\/balota-klischan.com\/de\/wp-json\/wp\/v2\/pages\/167\/revisions"}],"predecessor-version":[{"id":569,"href":"https:\/\/balota-klischan.com\/de\/wp-json\/wp\/v2\/pages\/167\/revisions\/569"}],"wp:attachment":[{"href":"https:\/\/balota-klischan.com\/de\/wp-json\/wp\/v2\/media?parent=167"}],"curies":[{"name":"wp","href":"https:\/\/api.w.org\/{rel}","templated":true}]}}